{"id":5694,"date":"2021-12-17T16:25:21","date_gmt":"2021-12-17T16:25:21","guid":{"rendered":"https:\/\/rme-legal.com\/contactos\/"},"modified":"2025-04-16T16:16:50","modified_gmt":"2025-04-16T16:16:50","slug":"contactos","status":"publish","type":"page","link":"https:\/\/rme-legal.com\/pt-pt\/contactos\/","title":{"rendered":"Contactos"},"content":{"rendered":"<p>[et_pb_section fb_built=&#8221;1&#8243; disabled_on=&#8221;off|off|off&#8221; admin_label=&#8221;Contact Form&#8221; _builder_version=&#8221;4.16&#8243; _module_preset=&#8221;default&#8221; background_color=&#8221;#f0efee&#8221; background_image=&#8221;https:\/\/rme-legal.com\/wp-content\/uploads\/2021\/12\/realtor-024.png&#8221; global_colors_info=&#8221;{}&#8221;][et_pb_row column_structure=&#8221;1_2,1_2&#8243; disabled_on=&#8221;off|off|off&#8221; _builder_version=&#8221;4.16&#8243; _module_preset=&#8221;default&#8221; width_tablet=&#8221;&#8221; width_phone=&#8221;100%&#8221; width_last_edited=&#8221;on|phone&#8221; max_width=&#8221;700px&#8221; max_width_tablet=&#8221;700px&#8221; max_width_phone=&#8221;700px&#8221; max_width_last_edited=&#8221;on|phone&#8221; global_colors_info=&#8221;{}&#8221;][et_pb_column type=&#8221;1_2&#8243; _builder_version=&#8221;4.16&#8243; _module_preset=&#8221;default&#8221; global_colors_info=&#8221;{}&#8221;][et_pb_text _builder_version=&#8221;4.16&#8243; _module_preset=&#8221;default&#8221; text_font_size=&#8221;16px&#8221; text_line_height=&#8221;2.2em&#8221; header_font=&#8221;Merriweather||||||||&#8221; header_font_size=&#8221;47px&#8221; header_2_font=&#8221;Merriweather|300|||||||&#8221; header_2_text_color=&#8221;#000000&#8243; header_2_font_size=&#8221;47px&#8221; header_2_line_height=&#8221;1.4em&#8221; text_orientation=&#8221;center&#8221; custom_margin=&#8221;|-176px||-160px||&#8221; custom_margin_tablet=&#8221;|-176px||-160px||&#8221; custom_margin_phone=&#8221;|0px||0px|false|false&#8221; custom_margin_last_edited=&#8221;on|phone&#8221; custom_padding=&#8221;|302px||0px||&#8221; custom_padding_tablet=&#8221;|302px||0px||&#8221; custom_padding_phone=&#8221;|0px||0px|false|false&#8221; custom_padding_last_edited=&#8221;on|phone&#8221; header_2_font_size_tablet=&#8221;34px&#8221; header_2_font_size_phone=&#8221;22px&#8221; header_2_font_size_last_edited=&#8221;on|phone&#8221; locked=&#8221;off&#8221; global_colors_info=&#8221;{}&#8221;]<\/p>\n<h1>Contacte-nos.<\/h1>\n<p>[\/et_pb_text][et_pb_text _builder_version=&#8221;4.17.4&#8243; text_font=&#8221;|600|||||||&#8221; text_text_color=&#8221;#b4926b&#8221; text_font_size=&#8221;20px&#8221; text_line_height=&#8221;1.4em&#8221; link_text_color=&#8221;#b4926b&#8221; header_6_font=&#8221;|600||on|||||&#8221; header_6_text_color=&#8221;#000000&#8243; header_6_letter_spacing=&#8221;2px&#8221; header_6_line_height=&#8221;1.2em&#8221; text_orientation=&#8221;center&#8221; background_layout=&#8221;dark&#8221; custom_margin=&#8221;|||-266px||&#8221; custom_margin_tablet=&#8221;|||-266px||&#8221; custom_margin_phone=&#8221;|||0px|false|false&#8221; custom_margin_last_edited=&#8221;on|phone&#8221; text_font_size_tablet=&#8221;18px&#8221; text_font_size_phone=&#8221;16px&#8221; text_font_size_last_edited=&#8221;on|phone&#8221; locked=&#8221;off&#8221; global_colors_info=&#8221;{}&#8221; custom_padding=&#8221;||1px|||&#8221;]<\/p>\n<p style=\"color: #000; font-weight: 600; text-transform: uppercase; letter-spacing: 2px; line-height: 1.2em; font-size: 15px;\">Telefone<\/p>\n<p><a href=\"tel:+351211369621\" class=\"ws_phone_track \">(+351) 210 975 892<\/a><\/p>\n<p><a href=\"tel:+351211369621\" class=\"ws_phone_track \">(+351) 914 316 102<\/a><\/p>\n<p>[\/et_pb_text][et_pb_text _builder_version=&#8221;4.17.4&#8243; text_font=&#8221;|600|||||||&#8221; text_text_color=&#8221;#b4926b&#8221; text_font_size=&#8221;20px&#8221; text_line_height=&#8221;1.4em&#8221; link_text_color=&#8221;#b4926b&#8221; header_6_font=&#8221;|600||on|||||&#8221; header_6_text_color=&#8221;#000000&#8243; header_6_letter_spacing=&#8221;2px&#8221; header_6_line_height=&#8221;1.2em&#8221; text_orientation=&#8221;center&#8221; background_layout=&#8221;dark&#8221; custom_margin=&#8221;|||-273px||&#8221; custom_margin_tablet=&#8221;|||-273px||&#8221; custom_margin_phone=&#8221;|||0px|false|false&#8221; custom_margin_last_edited=&#8221;on|phone&#8221; text_font_size_tablet=&#8221;18px&#8221; text_font_size_phone=&#8221;16px&#8221; text_font_size_last_edited=&#8221;on|phone&#8221; locked=&#8221;off&#8221; global_colors_info=&#8221;{}&#8221;]<\/p>\n<p style=\"color: #000; font-weight: 600; text-transform: uppercase; letter-spacing: 2px; line-height: 1.2em; font-size: 15px;\">Email<\/p>\n<p><a href=\"mailto:rme@rme-legal.com\">rme@rme-legal.com<\/a>[\/et_pb_text][et_pb_text _builder_version=&#8221;4.17.4&#8243; text_font=&#8221;|600|||||||&#8221; text_text_color=&#8221;#b4926b&#8221; text_font_size=&#8221;20px&#8221; text_line_height=&#8221;1.4em&#8221; link_text_color=&#8221;#b4926b&#8221; header_6_font=&#8221;|600||on|||||&#8221; header_6_text_color=&#8221;#000000&#8243; header_6_letter_spacing=&#8221;2px&#8221; header_6_line_height=&#8221;1.2em&#8221; text_orientation=&#8221;center&#8221; background_layout=&#8221;dark&#8221; custom_margin=&#8221;|||-274px||&#8221; custom_margin_tablet=&#8221;|||-274px||&#8221; custom_margin_phone=&#8221;|||0px|false|false&#8221; custom_margin_last_edited=&#8221;on|phone&#8221; text_font_size_tablet=&#8221;18px&#8221; text_font_size_phone=&#8221;16px&#8221; text_font_size_last_edited=&#8221;on|phone&#8221; locked=&#8221;off&#8221; global_colors_info=&#8221;{}&#8221;]<\/p>\n<p style=\"color: #000; font-weight: 600; text-transform: uppercase; letter-spacing: 2px; line-height: 1.2em; font-size: 15px;\">Morada<\/p>\n<p>Avenida 5 de Outubro, 85, Piso 9<br \/>1050-050 Lisboa<\/p>\n<p>[\/et_pb_text][et_pb_text _builder_version=&#8221;4.17.4&#8243; text_font=&#8221;|700|||||||&#8221; text_text_color=&#8221;#b4926b&#8221; text_font_size=&#8221;20px&#8221; text_line_height=&#8221;1.4em&#8221; link_text_color=&#8221;#b4926b&#8221; header_6_font=&#8221;|600||on|||||&#8221; header_6_text_color=&#8221;#000000&#8243; header_6_letter_spacing=&#8221;2px&#8221; header_6_line_height=&#8221;1.2em&#8221; text_orientation=&#8221;center&#8221; background_layout=&#8221;dark&#8221; custom_margin=&#8221;|||-288px||&#8221; custom_margin_tablet=&#8221;|||-288px||&#8221; custom_margin_phone=&#8221;|||0px|false|false&#8221; custom_margin_last_edited=&#8221;on|phone&#8221; text_font_size_tablet=&#8221;18px&#8221; text_font_size_phone=&#8221;16px&#8221; text_font_size_last_edited=&#8221;on|phone&#8221; locked=&#8221;off&#8221; global_colors_info=&#8221;{}&#8221;]<\/p>\n<p style=\"color: #000; font-weight: 600; text-transform: uppercase; letter-spacing: 2px; line-height: 1.2em; font-size: 15px;\">Siga-nos<\/p>\n<p>&nbsp;[\/et_pb_text][et_pb_social_media_follow icon_color=&#8221;#b4926b&#8221; _builder_version=&#8221;4.17.4&#8243; _module_preset=&#8221;default&#8221; text_orientation=&#8221;center&#8221; module_alignment=&#8221;center&#8221; custom_margin=&#8221;-30px|||0px|false|false&#8221; custom_margin_tablet=&#8221;-20px||||false|false&#8221; custom_margin_phone=&#8221;|auto||auto|false|false&#8221; custom_margin_last_edited=&#8221;on|phone&#8221; module_alignment_phone=&#8221;center&#8221; module_alignment_last_edited=&#8221;off|phone&#8221; locked=&#8221;off&#8221; global_colors_info=&#8221;{}&#8221;][et_pb_social_media_follow_network social_network=&#8221;linkedin&#8221; url=&#8221;https:\/\/www.linkedin.com\/company\/rme-legal\/about\/&#8221; _builder_version=&#8221;4.16&#8243; _module_preset=&#8221;default&#8221; background_color=&#8221;RGBA(255,255,255,0)&#8221; background_enable_color=&#8221;on&#8221; global_colors_info=&#8221;{}&#8221; follow_button=&#8221;off&#8221; url_new_window=&#8221;on&#8221;]linkedin[\/et_pb_social_media_follow_network][et_pb_social_media_follow_network social_network=&#8221;facebook&#8221; url=&#8221;https:\/\/www.facebook.com\/rmelegalportugal\/&#8221; _builder_version=&#8221;4.16&#8243; _module_preset=&#8221;default&#8221; global_colors_info=&#8221;{}&#8221; follow_button=&#8221;off&#8221; url_new_window=&#8221;on&#8221;]facebook[\/et_pb_social_media_follow_network][et_pb_social_media_follow_network social_network=&#8221;instagram&#8221; url=&#8221;https:\/\/www.instagram.com\/rmelegal\/&#8221; _builder_version=&#8221;4.16&#8243; _module_preset=&#8221;default&#8221; global_colors_info=&#8221;{}&#8221; follow_button=&#8221;off&#8221; url_new_window=&#8221;on&#8221;]instagram[\/et_pb_social_media_follow_network][\/et_pb_social_media_follow][\/et_pb_column][et_pb_column type=&#8221;1_2&#8243; _builder_version=&#8221;4.16&#8243; _module_preset=&#8221;default&#8221; global_colors_info=&#8221;{}&#8221;][dsm_contact_form_7 cf7_library=&#8221;11&#8243; label_bottom_spacing=&#8221;13px&#8221; input_background_color=&#8221;RGBA(255,255,255,0)&#8221; _builder_version=&#8221;4.17.4&#8243; _module_preset=&#8221;default&#8221; labels_font=&#8221;Montserrat|500|||||||&#8221; labels_text_align=&#8221;left&#8221; labels_text_color=&#8221;#042244&#8243; input_textarea_select_text_color=&#8221;#042244&#8243; background_color=&#8221;rgba(255,255,255,0.83)&#8221; custom_button_one=&#8221;on&#8221; button_one_text_size=&#8221;13px&#8221; button_one_text_color=&#8221;rgba(0,0,0,0.8)&#8221; button_one_bg_color=&#8221;#b4926b&#8221; button_one_border_width=&#8221;6px&#8221; button_one_border_color=&#8221;#b4926b&#8221; button_one_border_radius=&#8221;1px&#8221; button_one_letter_spacing=&#8221;4px&#8221; button_one_font=&#8221;Montserrat|700||on|||||&#8221; button_one_custom_padding=&#8221;0px|40px|6px|40px|false|true&#8221; width_tablet=&#8221;&#8221; width_phone=&#8221;600px&#8221; width_last_edited=&#8221;on|phone&#8221; max_width_tablet=&#8221;&#8221; max_width_phone=&#8221;100%&#8221; max_width_last_edited=&#8221;on|phone&#8221; custom_margin=&#8221;|-194px|-4px|35px||&#8221; custom_margin_tablet=&#8221;|-194px|-4px|35px||&#8221; custom_margin_phone=&#8221;|0px||0px|false|false&#8221; custom_margin_last_edited=&#8221;on|phone&#8221; custom_padding=&#8221;42px|34px|42px|34px|true|true&#8221; custom_padding_last_edited=&#8221;off|phone&#8221; border_width_bottom_image=&#8221;1px&#8221; border_color_bottom_image=&#8221;#042244&#8243; box_shadow_style_button_one=&#8221;preset1&#8243; global_colors_info=&#8221;{}&#8221;][\/dsm_contact_form_7][\/et_pb_column][\/et_pb_row][\/et_pb_section]<\/p>\n","protected":false},"excerpt":{"rendered":"<p>Contacte-nos.Telefone (+351) 210 975 892 (+351) 914 316 102Email rme@rme-legal.comMorada Avenida 5 de Outubro, 85, Piso 91050-050 LisboaSiga-nos &nbsp;<div class=\"et_pb_with_border et_pb_module dsm_contact_form_7 dsm_contact_form_7_0\">\n\t\t\t\t\n\t\t\t\t\n\t\t\t\t\n\t\t\t\t\n\t\t\t\t\n\t\t\t\t\n\t\t\t\t<div class=\"et_pb_module_inner\">\n\t\t\t\t\t<div class=\"\">\n\t\t\t\t\n<div class=\"wpcf7 no-js\" id=\"wpcf7-f11-o1\" lang=\"en-US\" dir=\"ltr\" data-wpcf7-id=\"11\">\n<div class=\"screen-reader-response\"><p role=\"status\" aria-live=\"polite\" aria-atomic=\"true\"><\/p> <ul><\/ul><\/div>\n<form action=\"\/pt-pt\/wp-json\/wp\/v2\/pages\/5694#wpcf7-f11-o1\" method=\"post\" class=\"wpcf7-form init\" aria-label=\"Contact form\" novalidate=\"novalidate\" data-status=\"init\">\n<fieldset class=\"hidden-fields-container\"><input type=\"hidden\" name=\"_wpcf7\" value=\"11\" \/><input type=\"hidden\" name=\"_wpcf7_version\" value=\"6.1.5\" \/><input type=\"hidden\" name=\"_wpcf7_locale\" value=\"en_US\" \/><input type=\"hidden\" name=\"_wpcf7_unit_tag\" value=\"wpcf7-f11-o1\" \/><input type=\"hidden\" name=\"_wpcf7_container_post\" value=\"0\" \/><input type=\"hidden\" name=\"_wpcf7_posted_data_hash\" value=\"\" \/>\n<\/fieldset>\n<label>  \n    <span class=\"wpcf7-form-control-wrap\" data-name=\"your-name\"><input size=\"40\" maxlength=\"400\" class=\"wpcf7-form-control wpcf7-text wpcf7-validates-as-required\" aria-required=\"true\" aria-invalid=\"false\" placeholder=\"Nome\" value=\"\" type=\"text\" name=\"your-name\" \/><\/span> <\/label>\n\n<label> \n    <span class=\"wpcf7-form-control-wrap\" data-name=\"your-email\"><input size=\"40\" maxlength=\"400\" class=\"wpcf7-form-control wpcf7-email wpcf7-validates-as-required wpcf7-text wpcf7-validates-as-email\" aria-required=\"true\" aria-invalid=\"false\" placeholder=\"Email\" value=\"\" type=\"email\" name=\"your-email\" \/><\/span> <\/label>\n\n<label> \n    <span class=\"wpcf7-form-control-wrap\" data-name=\"your-subject\"><input size=\"40\" maxlength=\"400\" class=\"wpcf7-form-control wpcf7-text wpcf7-validates-as-required\" aria-required=\"true\" aria-invalid=\"false\" placeholder=\"Assunto\" value=\"\" type=\"text\" name=\"your-subject\" \/><\/span> <\/label>\n\n<label> \n    <span class=\"wpcf7-form-control-wrap\" data-name=\"your-message\"><textarea cols=\"40\" rows=\"10\" maxlength=\"2000\" class=\"wpcf7-form-control wpcf7-textarea\" aria-invalid=\"false\" placeholder=\"A sua mensagem\" name=\"your-message\"><\/textarea><\/span> <\/label>\n\n<span class=\"wpcf7-form-control-wrap\" data-name=\"acceptance-312\"><span class=\"wpcf7-form-control wpcf7-acceptance optional\"><span class=\"wpcf7-list-item\"><label><input type=\"checkbox\" name=\"acceptance-312\" value=\"1\" aria-invalid=\"false\" \/><span class=\"wpcf7-list-item-label\">Aceite os Termos e Condi\u00e7\u00f5es das Pol\u00edticas de Privacidade.<\/span><\/label><\/span><\/span><\/span>\n\n<button class=\"wpcf7-form-control wpcf7-submit et_pb_button\" type=\"submit\" value=\"Enviar\">Enviar<\/button>\n<div class=\"cf7-cf-turnstile\" style=\"margin-top: 0px; margin-bottom: -15px;\"> <div id=\"cf-turnstile-cf7-4283563291\" class=\"cf-turnstile\" data-sitekey=\"0x4AAAAAAAflUmSIvVfyuBP4\" data-theme=\"light\" data-language=\"auto\" data-size=\"\" data-retry=\"auto\" data-retry-interval=\"1000\" data-refresh-expired=\"auto\" data-refresh-timeout=\"auto\" data-action=\"contact-form-7\" data-callback=\"turnstileCF7Callback\" data-appearance=\"interaction-only\"><\/div> <script>document.addEventListener(\"DOMContentLoaded\", function() { setTimeout(function(){ var e=document.getElementById(\"cf-turnstile-cf7-4283563291\"); if(e&&!e.innerHTML.trim()){turnstile.render(e, {sitekey:\"0x4AAAAAAAflUmSIvVfyuBP4\"});} }, 200); });<\/script> <style>#cf-turnstile-cf7-4283563291 iframe { margin-bottom: 15px; }<\/style> <style>#cf-turnstile-cf7-4283563291 { margin-left: -15px; }<\/style> <script>document.addEventListener(\"DOMContentLoaded\",function(){document.querySelectorAll('.wpcf7-form').forEach(function(e){e.addEventListener('submit',function(){if(document.getElementById('cf-turnstile-cf7-4283563291')){setTimeout(function(){turnstile.reset('#cf-turnstile-cf7-4283563291');},1000)}})})});<\/script> <\/div><p style=\"display: none !important;\" class=\"akismet-fields-container\" data-prefix=\"_wpcf7_ak_\"><label>&#916;<textarea name=\"_wpcf7_ak_hp_textarea\" cols=\"45\" rows=\"8\" maxlength=\"100\"><\/textarea><\/label><input type=\"hidden\" id=\"ak_js_1\" name=\"_wpcf7_ak_js\" value=\"209\"\/><script>document.getElementById( \"ak_js_1\" ).setAttribute( \"value\", ( new Date() ).getTime() );<\/script><\/p><div class=\"wpcf7-response-output\" aria-hidden=\"true\"><\/div>\n<\/form>\n<\/div>\n\n\t\t\t<\/div>\n\t\t\t\t<\/div>\n\t\t\t<\/div><\/p>\n","protected":false},"author":1,"featured_media":0,"parent":0,"menu_order":0,"comment_status":"closed","ping_status":"closed","template":"","meta":{"_et_pb_use_builder":"on","_et_pb_old_content":"","_et_gb_content_width":"","footnotes":""},"class_list":["post-5694","page","type-page","status-publish","hentry"],"yoast_head":"<!-- This site is optimized with the Yoast SEO plugin v27.4 - https:\/\/yoast.com\/product\/yoast-seo-wordpress\/ -->\n<title>Contactos | RME Legal<\/title>\n<meta name=\"description\" content=\"A RME Legal \u00e9 uma sociedade de advogados, centrada na assist\u00eancia abrangente de assuntos jur\u00eddicos, em Portugal, para clientes nacionais e estrangeiros. Contacte-nos.\" \/>\n<meta name=\"robots\" content=\"index, follow, max-snippet:-1, max-image-preview:large, max-video-preview:-1\" \/>\n<link rel=\"canonical\" href=\"https:\/\/rme-legal.com\/pt-pt\/contactos\/\" \/>\n<meta property=\"og:locale\" content=\"pt_PT\" \/>\n<meta property=\"og:type\" content=\"article\" \/>\n<meta property=\"og:title\" content=\"Contactos | RME Legal\" \/>\n<meta property=\"og:description\" content=\"A RME Legal \u00e9 uma sociedade de advogados, centrada na assist\u00eancia abrangente de assuntos jur\u00eddicos, em Portugal, para clientes nacionais e estrangeiros. Contacte-nos.\" \/>\n<meta property=\"og:url\" content=\"https:\/\/rme-legal.com\/pt-pt\/contactos\/\" \/>\n<meta property=\"og:site_name\" content=\"RME Legal\" \/>\n<meta property=\"article:publisher\" content=\"https:\/\/www.facebook.com\/rmelegalportugal\/\" \/>\n<meta property=\"article:modified_time\" content=\"2025-04-16T16:16:50+00:00\" \/>\n<meta name=\"twitter:card\" content=\"summary_large_image\" \/>\n<meta name=\"twitter:label1\" content=\"Tempo estimado de leitura\" \/>\n\t<meta name=\"twitter:data1\" content=\"2 minutos\" \/>\n<script type=\"application\/ld+json\" class=\"yoast-schema-graph\">{\"@context\":\"https:\\\/\\\/schema.org\",\"@graph\":[{\"@type\":\"WebPage\",\"@id\":\"https:\\\/\\\/rme-legal.com\\\/pt-pt\\\/contactos\\\/\",\"url\":\"https:\\\/\\\/rme-legal.com\\\/pt-pt\\\/contactos\\\/\",\"name\":\"Contactos | RME Legal\",\"isPartOf\":{\"@id\":\"https:\\\/\\\/rme-legal.com\\\/pt-pt\\\/#website\"},\"datePublished\":\"2021-12-17T16:25:21+00:00\",\"dateModified\":\"2025-04-16T16:16:50+00:00\",\"description\":\"A RME Legal \u00e9 uma sociedade de advogados, centrada na assist\u00eancia abrangente de assuntos jur\u00eddicos, em Portugal, para clientes nacionais e estrangeiros. Contacte-nos.\",\"breadcrumb\":{\"@id\":\"https:\\\/\\\/rme-legal.com\\\/pt-pt\\\/contactos\\\/#breadcrumb\"},\"inLanguage\":\"pt-PT\",\"potentialAction\":[{\"@type\":\"ReadAction\",\"target\":[\"https:\\\/\\\/rme-legal.com\\\/pt-pt\\\/contactos\\\/\"]}]},{\"@type\":\"BreadcrumbList\",\"@id\":\"https:\\\/\\\/rme-legal.com\\\/pt-pt\\\/contactos\\\/#breadcrumb\",\"itemListElement\":[{\"@type\":\"ListItem\",\"position\":1,\"name\":\"In\u00edcio\",\"item\":\"https:\\\/\\\/rme-legal.com\\\/pt-pt\\\/\"},{\"@type\":\"ListItem\",\"position\":2,\"name\":\"Contactos\"}]},{\"@type\":\"WebSite\",\"@id\":\"https:\\\/\\\/rme-legal.com\\\/pt-pt\\\/#website\",\"url\":\"https:\\\/\\\/rme-legal.com\\\/pt-pt\\\/\",\"name\":\"RME Legal\",\"description\":\"RME Legal\",\"publisher\":{\"@id\":\"https:\\\/\\\/rme-legal.com\\\/pt-pt\\\/#organization\"},\"potentialAction\":[{\"@type\":\"SearchAction\",\"target\":{\"@type\":\"EntryPoint\",\"urlTemplate\":\"https:\\\/\\\/rme-legal.com\\\/pt-pt\\\/?s={search_term_string}\"},\"query-input\":{\"@type\":\"PropertyValueSpecification\",\"valueRequired\":true,\"valueName\":\"search_term_string\"}}],\"inLanguage\":\"pt-PT\"},{\"@type\":\"Organization\",\"@id\":\"https:\\\/\\\/rme-legal.com\\\/pt-pt\\\/#organization\",\"name\":\"RME Legal\",\"url\":\"https:\\\/\\\/rme-legal.com\\\/pt-pt\\\/\",\"logo\":{\"@type\":\"ImageObject\",\"inLanguage\":\"pt-PT\",\"@id\":\"https:\\\/\\\/rme-legal.com\\\/pt-pt\\\/#\\\/schema\\\/logo\\\/image\\\/\",\"url\":\"https:\\\/\\\/rme-legal.com\\\/wp-content\\\/uploads\\\/2022\\\/01\\\/cropped-Logo_Vertical_V.Pequena2.png\",\"contentUrl\":\"https:\\\/\\\/rme-legal.com\\\/wp-content\\\/uploads\\\/2022\\\/01\\\/cropped-Logo_Vertical_V.Pequena2.png\",\"width\":\"512\",\"height\":\"512\",\"caption\":\"RME Legal\"},\"image\":{\"@id\":\"https:\\\/\\\/rme-legal.com\\\/pt-pt\\\/#\\\/schema\\\/logo\\\/image\\\/\"},\"sameAs\":[\"https:\\\/\\\/www.facebook.com\\\/rmelegalportugal\\\/\",\"https:\\\/\\\/www.linkedin.com\\\/company\\\/rme-legal\\\/\",\"https:\\\/\\\/www.instagram.com\\\/rmelegal\\\/\"]}]}<\/script>\n<!-- \/ Yoast SEO plugin. -->","yoast_head_json":{"title":"Contactos | RME Legal","description":"A RME Legal \u00e9 uma sociedade de advogados, centrada na assist\u00eancia abrangente de assuntos jur\u00eddicos, em Portugal, para clientes nacionais e estrangeiros. Contacte-nos.","robots":{"index":"index","follow":"follow","max-snippet":"max-snippet:-1","max-image-preview":"max-image-preview:large","max-video-preview":"max-video-preview:-1"},"canonical":"https:\/\/rme-legal.com\/pt-pt\/contactos\/","og_locale":"pt_PT","og_type":"article","og_title":"Contactos | RME Legal","og_description":"A RME Legal \u00e9 uma sociedade de advogados, centrada na assist\u00eancia abrangente de assuntos jur\u00eddicos, em Portugal, para clientes nacionais e estrangeiros. Contacte-nos.","og_url":"https:\/\/rme-legal.com\/pt-pt\/contactos\/","og_site_name":"RME Legal","article_publisher":"https:\/\/www.facebook.com\/rmelegalportugal\/","article_modified_time":"2025-04-16T16:16:50+00:00","twitter_card":"summary_large_image","twitter_misc":{"Tempo estimado de leitura":"2 minutos"},"schema":{"@context":"https:\/\/schema.org","@graph":[{"@type":"WebPage","@id":"https:\/\/rme-legal.com\/pt-pt\/contactos\/","url":"https:\/\/rme-legal.com\/pt-pt\/contactos\/","name":"Contactos | RME Legal","isPartOf":{"@id":"https:\/\/rme-legal.com\/pt-pt\/#website"},"datePublished":"2021-12-17T16:25:21+00:00","dateModified":"2025-04-16T16:16:50+00:00","description":"A RME Legal \u00e9 uma sociedade de advogados, centrada na assist\u00eancia abrangente de assuntos jur\u00eddicos, em Portugal, para clientes nacionais e estrangeiros. Contacte-nos.","breadcrumb":{"@id":"https:\/\/rme-legal.com\/pt-pt\/contactos\/#breadcrumb"},"inLanguage":"pt-PT","potentialAction":[{"@type":"ReadAction","target":["https:\/\/rme-legal.com\/pt-pt\/contactos\/"]}]},{"@type":"BreadcrumbList","@id":"https:\/\/rme-legal.com\/pt-pt\/contactos\/#breadcrumb","itemListElement":[{"@type":"ListItem","position":1,"name":"In\u00edcio","item":"https:\/\/rme-legal.com\/pt-pt\/"},{"@type":"ListItem","position":2,"name":"Contactos"}]},{"@type":"WebSite","@id":"https:\/\/rme-legal.com\/pt-pt\/#website","url":"https:\/\/rme-legal.com\/pt-pt\/","name":"RME Legal","description":"RME Legal","publisher":{"@id":"https:\/\/rme-legal.com\/pt-pt\/#organization"},"potentialAction":[{"@type":"SearchAction","target":{"@type":"EntryPoint","urlTemplate":"https:\/\/rme-legal.com\/pt-pt\/?s={search_term_string}"},"query-input":{"@type":"PropertyValueSpecification","valueRequired":true,"valueName":"search_term_string"}}],"inLanguage":"pt-PT"},{"@type":"Organization","@id":"https:\/\/rme-legal.com\/pt-pt\/#organization","name":"RME Legal","url":"https:\/\/rme-legal.com\/pt-pt\/","logo":{"@type":"ImageObject","inLanguage":"pt-PT","@id":"https:\/\/rme-legal.com\/pt-pt\/#\/schema\/logo\/image\/","url":"https:\/\/rme-legal.com\/wp-content\/uploads\/2022\/01\/cropped-Logo_Vertical_V.Pequena2.png","contentUrl":"https:\/\/rme-legal.com\/wp-content\/uploads\/2022\/01\/cropped-Logo_Vertical_V.Pequena2.png","width":"512","height":"512","caption":"RME Legal"},"image":{"@id":"https:\/\/rme-legal.com\/pt-pt\/#\/schema\/logo\/image\/"},"sameAs":["https:\/\/www.facebook.com\/rmelegalportugal\/","https:\/\/www.linkedin.com\/company\/rme-legal\/","https:\/\/www.instagram.com\/rmelegal\/"]}]}},"jetpack_sharing_enabled":true,"_links":{"self":[{"href":"https:\/\/rme-legal.com\/pt-pt\/wp-json\/wp\/v2\/pages\/5694","targetHints":{"allow":["GET"]}}],"collection":[{"href":"https:\/\/rme-legal.com\/pt-pt\/wp-json\/wp\/v2\/pages"}],"about":[{"href":"https:\/\/rme-legal.com\/pt-pt\/wp-json\/wp\/v2\/types\/page"}],"author":[{"embeddable":true,"href":"https:\/\/rme-legal.com\/pt-pt\/wp-json\/wp\/v2\/users\/1"}],"replies":[{"embeddable":true,"href":"https:\/\/rme-legal.com\/pt-pt\/wp-json\/wp\/v2\/comments?post=5694"}],"version-history":[{"count":7,"href":"https:\/\/rme-legal.com\/pt-pt\/wp-json\/wp\/v2\/pages\/5694\/revisions"}],"predecessor-version":[{"id":8590,"href":"https:\/\/rme-legal.com\/pt-pt\/wp-json\/wp\/v2\/pages\/5694\/revisions\/8590"}],"wp:attachment":[{"href":"https:\/\/rme-legal.com\/pt-pt\/wp-json\/wp\/v2\/media?parent=5694"}],"curies":[{"name":"wp","href":"https:\/\/api.w.org\/{rel}","templated":true}]}}